{"id":130856,"date":"2023-10-26T11:00:37","date_gmt":"2023-10-26T09:00:37","guid":{"rendered":"https:\/\/www.bellpark.ch\/kriensermasken\/?page_id=130856"},"modified":"2023-12-07T17:03:40","modified_gmt":"2023-12-07T16:03:40","slug":"startseite","status":"publish","type":"page","link":"https:\/\/www.bellpark.ch\/kriensermasken\/","title":{"rendered":"Startseite"},"content":{"rendered":"<div class=\"wpb-content-wrapper\"><p>[vc_row unlock_row_content=&#8220;yes&#8220; row_height_percent=&#8220;0&#8243; override_padding=&#8220;yes&#8220; h_padding=&#8220;2&#8243; top_padding=&#8220;3&#8243; bottom_padding=&#8220;2&#8243; overlay_alpha=&#8220;50&#8243; gutter_size=&#8220;3&#8243; column_width_percent=&#8220;100&#8243; shift_y=&#8220;0&#8243; z_index=&#8220;0&#8243; top_divider=&#8220;gradient&#8220; bottom_divider=&#8220;gradient&#8220; uncode_shortcode_id=&#8220;657061&#8243;][vc_column column_width_percent=&#8220;100&#8243; gutter_size=&#8220;3&#8243; style=&#8220;light&#8220; overlay_alpha=&#8220;50&#8243; shift_x=&#8220;0&#8243; shift_y=&#8220;0&#8243; shift_y_down=&#8220;0&#8243; z_index=&#8220;0&#8243; medium_width=&#8220;0&#8243; mobile_width=&#8220;0&#8243; zoom_width=&#8220;0&#8243; zoom_height=&#8220;0&#8243; width=&#8220;1\/1&#8243;][uncode_slider slider_type=&#8220;fade&#8220; slider_interval=&#8220;5000&#8243; slider_navspeed=&#8220;400&#8243; slider_loop=&#8220;yes&#8220; slider_hide_dots=&#8220;yes&#8220;][vc_row_inner row_inner_height_percent=&#8220;89&#8243; overlay_alpha=&#8220;50&#8243; gutter_size=&#8220;3&#8243; shift_y=&#8220;0&#8243; z_index=&#8220;0&#8243; uncode_shortcode_id=&#8220;109544&#8243;][vc_column_inner column_width_percent=&#8220;100&#8243; position_horizontal=&#8220;left&#8220; position_vertical=&#8220;bottom&#8220; gutter_size=&#8220;2&#8243; style=&#8220;light&#8220; overlay_alpha=&#8220;50&#8243; shift_x=&#8220;0&#8243; shift_y=&#8220;0&#8243; shift_y_down=&#8220;0&#8243; z_index=&#8220;0&#8243; medium_width=&#8220;0&#8243; mobile_width=&#8220;0&#8243; zoom_width=&#8220;0&#8243; zoom_height=&#8220;0&#8243; width=&#8220;1\/1&#8243;][vc_custom_heading text_font=&#8220;font-823400&#8243; text_size=&#8220;h1&#8243; text_weight=&#8220;300&#8243; uncode_shortcode_id=&#8220;139229&#8243;]Krienser Masken<br \/>\nSammlung Robert Ottiger[\/vc_custom_heading][vc_single_image media=&#8220;130857&#8243; media_width_percent=&#8220;100&#8243; media_ratio=&#8220;sixteen-nine&#8220; media_link=&#8220;|||rel:nofollow&#8220; uncode_shortcode_id=&#8220;128408&#8243;][\/vc_column_inner][\/vc_row_inner][\/uncode_slider][\/vc_column][\/vc_row][vc_row unlock_row_content=&#8220;yes&#8220; row_height_percent=&#8220;0&#8243; override_padding=&#8220;yes&#8220; h_padding=&#8220;2&#8243; top_padding=&#8220;2&#8243; bottom_padding=&#8220;5&#8243; overlay_alpha=&#8220;50&#8243; gutter_size=&#8220;3&#8243; column_width_percent=&#8220;100&#8243; shift_y=&#8220;0&#8243; z_index=&#8220;0&#8243;][vc_column column_width_percent=&#8220;100&#8243; gutter_size=&#8220;3&#8243; overlay_alpha=&#8220;50&#8243; shift_x=&#8220;0&#8243; shift_y=&#8220;0&#8243; shift_y_down=&#8220;0&#8243; z_index=&#8220;0&#8243; medium_width=&#8220;0&#8243; mobile_width=&#8220;0&#8243; width=&#8220;1\/1&#8243;][vc_separator sep_color=&#8220;color-jevc&#8220;][vc_row_inner][vc_column_inner width=&#8220;1\/3&#8243;][vc_single_image media=&#8220;131314&#8243; media_width_percent=&#8220;100&#8243; uncode_shortcode_id=&#8220;182194&#8243;][\/vc_column_inner][vc_column_inner width=&#8220;2\/3&#8243;][vc_custom_heading heading_semantic=&#8220;h1&#8243; text_font=&#8220;font-823400&#8243; text_size=&#8220;h1&#8243; text_weight=&#8220;300&#8243; uncode_shortcode_id=&#8220;828776&#8243;]Sammlung Robert Ottiger &#8211; SOR[\/vc_custom_heading][vc_custom_heading heading_semantic=&#8220;h1&#8243; text_font=&#8220;font-823400&#8243; text_size=&#8220;h3&#8243; text_weight=&#8220;300&#8243; text_height=&#8220;fontheight-357766&#8243; uncode_shortcode_id=&#8220;152737&#8243;]Auf die Geschichte der Krienser Maskentradition wurde im Museum im Bellpark seit seinem Bestehen ein besonderes Augenmerk gelegt. Das Thema wurde in regelm\u00e4ssig wiederkehrenden Ausstellungen vertieft behandelt. Die drei seit 2005 erschienenen Maskenkataloge bieten einen umfangreichen \u00dcberblick von den \u00e4ltesten \u00fcberlieferten St\u00fccken bis heute.[\/vc_custom_heading][vc_custom_heading heading_semantic=&#8220;h1&#8243; text_font=&#8220;font-823400&#8243; text_size=&#8220;h3&#8243; text_weight=&#8220;300&#8243; text_height=&#8220;fontheight-357766&#8243; uncode_shortcode_id=&#8220;744193&#8243;]Ganz besonders erfreulich f\u00fcr die lokale Maskentradition und f\u00fcr die Sammlungen des Museums ist der Umstand, dass das Museum im Bellpark im Jahr 2022 den umfassenden, aus Kriens stammenden Teil der Masken des verstorbenen Krienser Maskensammlers Robert Ottiger (1928-2016) erwerben konnte. Robert Ottiger war ein tiefer Verehrer des Krienser Maskenbrauchtums, der \u00fcber einen Zeitraum von mehreren Jahrzehnten eine beachtliche Sammlung von Schweizer Fasnachtsmasken zusammengetragen hat &#8211; darunter alleine mehr als hundert Krienser Masken. Im Verlauf des Jahres 2022 konnte mit den Erben des Sammlers eine Einigung erzielt werden und die Krienser Masken aus der Sammlung Robert Ottiger wurden in das Museum \u00fcberf\u00fchrt. Durch die Unterst\u00fctzung der Albert Koechlin Stiftung AKS ist es gelungen, diese wichtigen Zeugnisse des lokalen Brauchtums in Kriens zu behalten und in die Obhut einer Museumsinstitution zu \u00fcberf\u00fchren. Inzwischen wurden diese Masken in das Inventar des Museums im Bellpark aufgenommen und sind nun in dieser online-Pr\u00e4sentation f\u00fcr alle detailliert einsehbar und recherchierbar.[\/vc_custom_heading][vc_button border_width=&#8220;0&#8243; link=&#8220;url:https%3A%2F%2Fwww.bellpark.ch%2Fkriensermasken%2Farchiv%2F|title:zum%20Archiv&#8220; uncode_shortcode_id=&#8220;921829&#8243;]Zur Sammlung Robert Ottiger[\/vc_button][\/vc_column_inner][\/vc_row_inner][\/vc_column][\/vc_row][vc_row unlock_row_content=&#8220;yes&#8220; row_height_percent=&#8220;0&#8243; override_padding=&#8220;yes&#8220; h_padding=&#8220;2&#8243; top_padding=&#8220;2&#8243; bottom_padding=&#8220;5&#8243; overlay_alpha=&#8220;50&#8243; gutter_size=&#8220;3&#8243; column_width_percent=&#8220;100&#8243; shift_y=&#8220;0&#8243; z_index=&#8220;0&#8243;][vc_column column_width_percent=&#8220;100&#8243; gutter_size=&#8220;3&#8243; overlay_alpha=&#8220;50&#8243; shift_x=&#8220;0&#8243; shift_y=&#8220;0&#8243; shift_y_down=&#8220;0&#8243; z_index=&#8220;0&#8243; medium_width=&#8220;0&#8243; mobile_width=&#8220;0&#8243; width=&#8220;1\/1&#8243;][vc_separator sep_color=&#8220;color-jevc&#8220;][vc_custom_heading heading_semantic=&#8220;h1&#8243; text_font=&#8220;font-823400&#8243; text_size=&#8220;h1&#8243; text_weight=&#8220;300&#8243; uncode_shortcode_id=&#8220;737659&#8243;]Einblick[\/vc_custom_heading][uncode_index el_id=&#8220;index-145375&#8243; index_type=&#8220;carousel&#8220; loop=&#8220;size:20|order_by:rand|post_type:product|taxonomy_count:10&#8243; auto_query=&#8220;yes&#8220; carousel_lg=&#8220;6&#8243; carousel_md=&#8220;4&#8243; carousel_sm=&#8220;2&#8243; gutter_size=&#8220;2&#8243; product_items=&#8220;media|featured|onpost|original|hide-sale|enhanced-atc|inherit-w-atc|atc-typo-default|hide-atc,category|bordered|relative|hide-icon,title,link|default|small_size|scale_mobile|Mehr Infos&#8220; carousel_interval=&#8220;3000&#8243; carousel_navspeed=&#8220;400&#8243; carousel_nav=&#8220;yes&#8220; stage_padding=&#8220;0&#8243; single_overlay_opacity=&#8220;50&#8243; single_overlay_anim=&#8220;no&#8220; single_text_visible=&#8220;yes&#8220; single_text_anim=&#8220;no&#8220; single_image_anim=&#8220;no&#8220; single_secondary=&#8220;yes&#8220; single_padding=&#8220;1&#8243; single_thumb_hover=&#8220;yes&#8220; single_title_semantic=&#8220;h2&#8243; single_title_family=&#8220;font-823400&#8243; single_title_dimension=&#8220;fontsize-160000&#8243; single_title_weight=&#8220;300&#8243; single_border=&#8220;yes&#8220; no_double_tap=&#8220;yes&#8220; woo_single_variations_hide_parent=&#8220;yes&#8220; pagination_per_page=&#8220;20&#8243; hide_woo_sorting_icon_ajax=&#8220;yes&#8220; uncode_shortcode_id=&#8220;930011&#8243;][\/vc_column][\/vc_row]<\/p>\n<\/div>","protected":false},"excerpt":{"rendered":"<p>[vc_row unlock_row_content=&#8220;yes&#8220; row_height_percent=&#8220;0&#8243; override_padding=&#8220;yes&#8220; h_padding=&#8220;2&#8243; top_padding=&#8220;3&#8243; bottom_padding=&#8220;2&#8243; overlay_alpha=&#8220;50&#8243; gutter_size=&#8220;3&#8243; column_width_percent=&#8220;100&#8243; shift_y=&#8220;0&#8243; z_index=&#8220;0&#8243; top_divider=&#8220;gradient&#8220; bottom_divider=&#8220;gradient&#8220; uncode_shortcode_id=&#8220;657061&#8243;][vc_column column_width_percent=&#8220;100&#8243; gutter_size=&#8220;3&#8243; style=&#8220;light&#8220; overlay_alpha=&#8220;50&#8243; shift_x=&#8220;0&#8243; [&hellip;]<\/p>\n","protected":false},"author":1,"featured_media":0,"parent":0,"menu_order":0,"comment_status":"closed","ping_status":"closed","template":"","meta":{"footnotes":""},"class_list":["post-130856","page","type-page","status-publish","hentry"],"_links":{"self":[{"href":"https:\/\/www.bellpark.ch\/kriensermasken\/wp-json\/wp\/v2\/pages\/130856","targetHints":{"allow":["GET"]}}],"collection":[{"href":"https:\/\/www.bellpark.ch\/kriensermasken\/wp-json\/wp\/v2\/pages"}],"about":[{"href":"https:\/\/www.bellpark.ch\/kriensermasken\/wp-json\/wp\/v2\/types\/page"}],"author":[{"embeddable":true,"href":"https:\/\/www.bellpark.ch\/kriensermasken\/wp-json\/wp\/v2\/users\/1"}],"replies":[{"embeddable":true,"href":"https:\/\/www.bellpark.ch\/kriensermasken\/wp-json\/wp\/v2\/comments?post=130856"}],"version-history":[{"count":28,"href":"https:\/\/www.bellpark.ch\/kriensermasken\/wp-json\/wp\/v2\/pages\/130856\/revisions"}],"predecessor-version":[{"id":131387,"href":"https:\/\/www.bellpark.ch\/kriensermasken\/wp-json\/wp\/v2\/pages\/130856\/revisions\/131387"}],"wp:attachment":[{"href":"https:\/\/www.bellpark.ch\/kriensermasken\/wp-json\/wp\/v2\/media?parent=130856"}],"curies":[{"name":"wp","href":"https:\/\/api.w.org\/{rel}","templated":true}]}}